{"id":1065,"date":"2026-01-25T03:25:59","date_gmt":"2026-01-25T03:25:59","guid":{"rendered":"https:\/\/domesticassp.com.br\/?page_id=1065"},"modified":"2026-04-27T02:53:52","modified_gmt":"2026-04-27T02:53:52","slug":"portal","status":"publish","type":"page","link":"https:\/\/domesticassp.com.br\/?page_id=1065","title":{"rendered":"Portal"},"content":{"rendered":"\n<div class=\"wp-block-columns is-layout-flex wp-container-core-columns-is-layout-28f84493 wp-block-columns-is-layout-flex\">\n<div class=\"wp-block-column is-layout-flow wp-block-column-is-layout-flow\">\n<ul class=\"wp-block-list\">\n<li class=\"has-border-color has-ast-global-color-5-border-color has-ast-global-color-3-color has-text-color has-link-color has-medium-font-size wp-elements-a4b23ea4857e77931a1c8810a638aec4\" style=\"border-width:6px\"><a href=\"https:\/\/domesticassp.com.br\/?page_id=984\" title=\"Cadastro de Candidatas\">Cadastro de Candidatas<\/a><\/li>\n\n\n\n<li class=\"has-border-color has-ast-global-color-5-border-color has-ast-global-color-3-color has-text-color has-link-color has-medium-font-size wp-elements-faf64a5f30ed486f5037737441d6bc51\" style=\"border-width:6px\"><a href=\"https:\/\/domesticassp.com.br\/?page_id=1161\" target=\"_blank\" rel=\"noopener\" title=\"Impressao de Ficha de Candidatas\">Impressao de<\/a> <a href=\"https:\/\/domesticassp.comhttps:\/\/domesticassp.com.br\/?page_id=1148br\/?https:\/\/domesticassp.com.br\/?page_id=1148=995\" target=\"_blank\" rel=\"noopener\" title=\" \"><\/a><a href=\"https:\/\/domesticassp.com.br\/?page_id=1161\" target=\"_blank\" rel=\"noopener\" title=\"Impressao de Ficha de Candidatas\">Ficha <\/a><a href=\"https:\/\/domesticassp.com.br\/?page_id=1161\" title=\"Impressao de Ficha\">deCandidatas<\/a><\/li>\n\n\n\n<li class=\"has-border-color has-ast-global-color-5-border-color has-ast-global-color-3-color has-text-color has-link-color has-medium-font-size wp-elements-eba597123b043631a48b806cdf1af59c\" style=\"border-width:6px\"><a href=\"https:\/\/domesticassp.com.br\/?page_id=1079\" title=\"\">Cadastro de Cliente<\/a><\/li>\n\n\n\n<li class=\"has-border-color has-ast-global-color-5-border-color has-ast-global-color-3-color has-text-color has-link-color has-medium-font-size wp-elements-ea0ea2a3e50e43d04833080b5cd09e07\" style=\"border-width:6px\"><a href=\"https:\/\/domesticassp.com.br\/?page_id=1128\" title=\"Cadastro de Pedidos\">Cadastro de Pedidos<\/a><\/li>\n\n\n\n<li class=\"has-border-color has-ast-global-color-5-border-color has-ast-global-color-3-color has-text-color has-link-color has-medium-font-size wp-elements-9121310b9292378d1cf75621b2ebcde3\" style=\"border-width:6px\"><a href=\"https:\/\/domesticassp.com.br\/?page_id=1204\" title=\"Encaminhamento\">https:\/\/domesticassp.com.br\/?page_id=1204<\/a><\/li>\n<\/ul>\n<\/div>\n\n\n\n<div class=\"wp-block-column is-layout-flow wp-block-column-is-layout-flow\">\n<ul class=\"wp-block-list\">\n<li><a href=\"https:\/\/calculoexato.com.br\/parprima.aspx?codMenu=DomesticRescisao\" title=\"Calculo de rescisao\">Calculo de Rescisao Empregada<\/a><\/li>\n\n\n\n<li><a href=\"https:\/\/www.youtube.com\/watch?v=uUHTkYJt1aw\" title=\"\">direitos das Empregadas Domesticas<\/a><\/li>\n<\/ul>\n<\/div>\n<\/div>\n\n\n\n<p style=\"line-height:2\"><\/p>\n\n\n\n<p class=\"has-text-align-center\"><a href=\"https:\/\/domesticassp.com.br\/?page_id=843\">Faca seu Pedido Agora<\/a><\/p>\n\n\n\n<p class=\"has-text-align-center\"><a href=\"https:\/\/domesticassp.com.br\/?page_id=847\">Cadastre seu Curriculo<\/a><\/p>\n\n\n\n<p class=\"has-text-align-center\"><br>\u00cdndice Remissivo<a href=\"https:\/\/domesticassp.com.br\/?page_id=1565\">: empregada dom\u00e9stica<\/a> &nbsp;&#8211; <a href=\"https:\/\/domesticassp.com.br\/?page_id=1541\">&nbsp;arrumadeira dom\u00e9stica<\/a>&nbsp; &#8211; <a href=\"https:\/\/domesticassp.com.br\/?page_id=1547\">&nbsp;cuidadora de idosos<\/a>&nbsp; &#8211; <a href=\"https:\/\/domesticassp.com.br\/?page_id=1667\">&nbsp;bab\u00e1<\/a>&nbsp; &#8211; <a href=\"https:\/\/domesticassp.com.br\/?page_id=1669\">&nbsp;cozinheira dom\u00e9stica<\/a>&nbsp; &#8211; <a href=\"https:\/\/domesticassp.com.br\/?page_id=1671\">&nbsp;faxineira diarista<\/a>&nbsp; &#8211; <a href=\"https:\/\/domesticassp.com.br\/?page_id=1537\">&nbsp;retornar a servi\u00e7os<\/a><\/p>\n","protected":false},"excerpt":{"rendered":"<p>Faca seu Pedido Agora Cadastre seu Curriculo \u00cdndice Remissivo: empregada dom\u00e9stica &nbsp;&#8211; &nbsp;arrumadeira dom\u00e9stica&nbsp; &#8211; &nbsp;cuidadora de idosos&nbsp; &#8211; &nbsp;bab\u00e1&nbsp; &#8211; &nbsp;cozinheira dom\u00e9stica&nbsp; &#8211; &nbsp;faxineira diarista&nbsp; &#8211; &nbsp;retornar a servi\u00e7os<\/p>\n","protected":false},"author":1,"featured_media":599,"parent":0,"menu_order":0,"comment_status":"closed","ping_status":"closed","template":"","meta":{"_uag_custom_page_level_css":"","site-sidebar-layout":"default","site-content-layout":"","ast-site-content-layout":"default","site-content-style":"default","site-sidebar-style":"default","ast-global-header-display":"","ast-banner-title-visibility":"","ast-main-header-display":"","ast-hfb-above-header-display":"","ast-hfb-below-header-display":"","ast-hfb-mobile-header-display":"","site-post-title":"","ast-breadcrumbs-content":"","ast-featured-img":"","footer-sml-layout":"","ast-disable-related-posts":"","theme-transparent-header-meta":"","adv-header-id-meta":"","stick-header-meta":"","header-above-stick-meta":"","header-main-stick-meta":"","header-below-stick-meta":"","astra-migrate-meta-layouts":"set","ast-page-background-enabled":"default","ast-page-background-meta":{"desktop":{"background-color":"var(--ast-global-color-4)","background-image":"","background-repeat":"repeat","background-position":"center center","background-size":"auto","background-attachment":"scroll","background-type":"","background-media":"","overlay-type":"","overlay-color":"","overlay-opacity":"","overlay-gradient":""},"tablet":{"background-color":"","background-image":"","background-repeat":"repeat","background-position":"center center","background-size":"auto","background-attachment":"scroll","background-type":"","background-media":"","overlay-type":"","overlay-color":"","overlay-opacity":"","overlay-gradient":""},"mobile":{"background-color":"","background-image":"","background-repeat":"repeat","background-position":"center center","background-size":"auto","background-attachment":"scroll","background-type":"","background-media":"","overlay-type":"","overlay-color":"","overlay-opacity":"","overlay-gradient":""}},"ast-content-background-meta":{"desktop":{"background-color":"var(--ast-global-color-5)","background-image":"","background-repeat":"repeat","background-position":"center center","background-size":"auto","background-attachment":"scroll","background-type":"","background-media":"","overlay-type":"","overlay-color":"","overlay-opacity":"","overlay-gradient":""},"tablet":{"background-color":"var(--ast-global-color-5)","background-image":"","background-repeat":"repeat","background-position":"center center","background-size":"auto","background-attachment":"scroll","background-type":"","background-media":"","overlay-type":"","overlay-color":"","overlay-opacity":"","overlay-gradient":""},"mobile":{"background-color":"var(--ast-global-color-5)","background-image":"","background-repeat":"repeat","background-position":"center center","background-size":"auto","background-attachment":"scroll","background-type":"","background-media":"","overlay-type":"","overlay-color":"","overlay-opacity":"","overlay-gradient":""}},"footnotes":""},"class_list":["post-1065","page","type-page","status-publish","has-post-thumbnail","hentry"],"aioseo_notices":[],"_hostinger_reach_plugin_has_subscription_block":false,"_hostinger_reach_plugin_is_elementor":false,"uagb_featured_image_src":{"full":["https:\/\/domesticassp.com.br\/wp-content\/uploads\/2025\/11\/logo_1.png",1536,1024,false],"thumbnail":["https:\/\/domesticassp.com.br\/wp-content\/uploads\/2025\/11\/logo_1.png",150,100,false],"medium":["https:\/\/domesticassp.com.br\/wp-content\/uploads\/2025\/11\/logo_1-300x200.png",300,200,true],"medium_large":["https:\/\/domesticassp.com.br\/wp-content\/uploads\/2025\/11\/logo_1.png",768,512,false],"large":["https:\/\/domesticassp.com.br\/wp-content\/uploads\/2025\/11\/logo_1.png",1024,683,false],"1536x1536":["https:\/\/domesticassp.com.br\/wp-content\/uploads\/2025\/11\/logo_1.png",1536,1024,false],"2048x2048":["https:\/\/domesticassp.com.br\/wp-content\/uploads\/2025\/11\/logo_1.png",1536,1024,false]},"uagb_author_info":{"display_name":"lucianosegura@icloud.com","author_link":"https:\/\/domesticassp.com.br\/?author=1"},"uagb_comment_info":0,"uagb_excerpt":"Faca seu Pedido Agora Cadastre seu Curriculo \u00cdndice Remissivo: empregada dom\u00e9stica &nbsp;&#8211; &nbsp;arrumadeira dom\u00e9stica&nbsp; &#8211; &nbsp;cuidadora de idosos&nbsp; &#8211; &nbsp;bab\u00e1&nbsp; &#8211; &nbsp;cozinheira dom\u00e9stica&nbsp; &#8211; &nbsp;faxineira diarista&nbsp; &#8211; &nbsp;retornar a servi\u00e7os","_links":{"self":[{"href":"https:\/\/domesticassp.com.br\/index.php?rest_route=\/wp\/v2\/pages\/1065","targetHints":{"allow":["GET"]}}],"collection":[{"href":"https:\/\/domesticassp.com.br\/index.php?rest_route=\/wp\/v2\/pages"}],"about":[{"href":"https:\/\/domesticassp.com.br\/index.php?rest_route=\/wp\/v2\/types\/page"}],"author":[{"embeddable":true,"href":"https:\/\/domesticassp.com.br\/index.php?rest_route=\/wp\/v2\/users\/1"}],"replies":[{"embeddable":true,"href":"https:\/\/domesticassp.com.br\/index.php?rest_route=%2Fwp%2Fv2%2Fcomments&post=1065"}],"version-history":[{"count":34,"href":"https:\/\/domesticassp.com.br\/index.php?rest_route=\/wp\/v2\/pages\/1065\/revisions"}],"predecessor-version":[{"id":1902,"href":"https:\/\/domesticassp.com.br\/index.php?rest_route=\/wp\/v2\/pages\/1065\/revisions\/1902"}],"wp:featuredmedia":[{"embeddable":true,"href":"https:\/\/domesticassp.com.br\/index.php?rest_route=\/wp\/v2\/media\/599"}],"wp:attachment":[{"href":"https:\/\/domesticassp.com.br\/index.php?rest_route=%2Fwp%2Fv2%2Fmedia&parent=1065"}],"curies":[{"name":"wp","href":"https:\/\/api.w.org\/{rel}","templated":true}]}}