{"id":1537,"date":"2026-04-10T02:50:54","date_gmt":"2026-04-10T02:50:54","guid":{"rendered":"https:\/\/domesticassp.com.br\/?page_id=1537"},"modified":"2026-04-12T15:12:20","modified_gmt":"2026-04-12T15:12:20","slug":"1537-2","status":"publish","type":"page","link":"https:\/\/domesticassp.com.br\/?page_id=1537","title":{"rendered":"Nossos Servicos"},"content":{"rendered":"\n<p class=\"has-ast-global-color-5-color has-ast-global-color-3-background-color has-text-color has-background has-link-color wp-elements-dc021ea76adaa366f1dc0f81f651bc72\"><strong>Oferecemos solu\u00e7\u00f5es completas para sua casa, com profissionais experientes e selecionadas com rigor. Seja para limpeza, cuidados com idosos, bab\u00e1 ou servi\u00e7os avulsos, garantimos qualidade e atendimento personalizado.<\/strong><\/p>\n\n\n\n<div class=\"wp-block-columns is-layout-flex wp-container-core-columns-is-layout-28f84493 wp-block-columns-is-layout-flex\">\n<div class=\"wp-block-column is-layout-flow wp-block-column-is-layout-flow\" style=\"flex-basis:33.33%\">\n<div class=\"wp-block-uagb-image uagb-block-d6b1cf96 wp-block-uagb-image--layout-default wp-block-uagb-image--effect-static wp-block-uagb-image--align-none\"><figure class=\"wp-block-uagb-image__figure\"><img loading=\"lazy\" decoding=\"async\" srcset=\"https:\/\/domesticassp.com.br\/wp-content\/uploads\/2026\/04\/Tela_Home1-1024x683.png ,https:\/\/domesticassp.com.br\/wp-content\/uploads\/2026\/04\/Tela_Home1.png 780w, https:\/\/domesticassp.com.br\/wp-content\/uploads\/2026\/04\/Tela_Home1.png 360w\" sizes=\"auto, (max-width: 480px) 150px\" src=\"https:\/\/domesticassp.com.br\/wp-content\/uploads\/2026\/04\/Tela_Home1-1024x683.png\" alt=\"tela home1\" class=\"uag-image-1285\" width=\"1024\" height=\"683\" title=\"tela home1\" loading=\"lazy\" role=\"img\"\/><\/figure><\/div>\n<\/div>\n\n\n\n<div class=\"wp-block-column is-layout-flow wp-block-column-is-layout-flow\" style=\"flex-basis:66.66%\">\n<div class=\"wp-block-uagb-info-box uagb-block-7ed0bcb5 uagb-infobox__content-wrap  uagb-infobox-icon-above-title uagb-infobox-image-valign-top\"><div class=\"uagb-ifb-content\"><div class=\"uagb-ifb-icon-wrap\"><svg xmlns=\"https:\/\/www.w3.org\/2000\/svg\" viewBox=\"0 0 512 512\"><path d=\"M0 256C0 114.6 114.6 0 256 0C397.4 0 512 114.6 512 256C512 397.4 397.4 512 256 512C114.6 512 0 397.4 0 256zM371.8 211.8C382.7 200.9 382.7 183.1 371.8 172.2C360.9 161.3 343.1 161.3 332.2 172.2L224 280.4L179.8 236.2C168.9 225.3 151.1 225.3 140.2 236.2C129.3 247.1 129.3 264.9 140.2 275.8L204.2 339.8C215.1 350.7 232.9 350.7 243.8 339.8L371.8 211.8z\"><\/path><\/svg><\/div><div class=\"uagb-ifb-title-wrap\"><h3 class=\"uagb-ifb-title\"><strong>\ud83d\udccb Descri\u00e7\u00e3o do Trabalho \u2013 Empregada Dom\u00e9stica<\/strong><br><strong>Fun\u00e7\u00f5es principais:<\/strong><br><strong>Servi\u00e7os gerais de limpeza: varrer, passar pano, aspirar, lavar e organizar os ambientes da casa (quartos, salas, banheiros, cozinha).<\/strong><br><strong>Organiza\u00e7\u00e3o dom\u00e9stica: arrumar camas, guardar roupas, manter arm\u00e1rios e despensas em ordem.<\/strong><\/h3><\/div><p class=\"uagb-ifb-desc\"><a href=\"https:\/\/domesticassp.com.br\/?page_id=1565\" title=\"Leia Mais\">Leia Mais<\/a><\/p><\/div><\/div>\n<\/div>\n<\/div>\n\n\n\n<div class=\"wp-block-columns is-layout-flex wp-container-core-columns-is-layout-28f84493 wp-block-columns-is-layout-flex\">\n<div class=\"wp-block-column is-layout-flow wp-block-column-is-layout-flow\" style=\"flex-basis:33.33%\">\n<div class=\"wp-block-uagb-image uagb-block-f5c24e4e wp-block-uagb-image--layout-default wp-block-uagb-image--effect-static wp-block-uagb-image--align-none\"><figure class=\"wp-block-uagb-image__figure\"><img loading=\"lazy\" decoding=\"async\" srcset=\"https:\/\/domesticassp.com.br\/wp-content\/uploads\/2026\/03\/Arrumadeira-1024x683.jpg ,https:\/\/domesticassp.com.br\/wp-content\/uploads\/2026\/03\/Arrumadeira-scaled.jpg 780w, https:\/\/domesticassp.com.br\/wp-content\/uploads\/2026\/03\/Arrumadeira-scaled.jpg 360w\" sizes=\"auto, (max-width: 480px) 150px\" src=\"https:\/\/domesticassp.com.br\/wp-content\/uploads\/2026\/03\/Arrumadeira-1024x683.jpg\" alt=\"arrumadeira\" class=\"uag-image-1221\" width=\"1024\" height=\"683\" title=\"arrumadeira\" loading=\"lazy\" role=\"img\"\/><\/figure><\/div>\n<\/div>\n\n\n\n<div class=\"wp-block-column is-layout-flow wp-block-column-is-layout-flow\" style=\"flex-basis:66.66%\">\n<div class=\"wp-block-uagb-info-box uagb-block-050dc961 uagb-infobox__content-wrap  uagb-infobox-icon-above-title uagb-infobox-image-valign-top\"><div class=\"uagb-ifb-content\"><div class=\"uagb-ifb-icon-wrap\"><svg xmlns=\"https:\/\/www.w3.org\/2000\/svg\" viewBox=\"0 0 512 512\"><path d=\"M0 256C0 114.6 114.6 0 256 0C397.4 0 512 114.6 512 256C512 397.4 397.4 512 256 512C114.6 512 0 397.4 0 256zM371.8 211.8C382.7 200.9 382.7 183.1 371.8 172.2C360.9 161.3 343.1 161.3 332.2 172.2L224 280.4L179.8 236.2C168.9 225.3 151.1 225.3 140.2 236.2C129.3 247.1 129.3 264.9 140.2 275.8L204.2 339.8C215.1 350.7 232.9 350.7 243.8 339.8L371.8 211.8z\"><\/path><\/svg><\/div><div class=\"uagb-ifb-title-wrap\"><h3 class=\"uagb-ifb-title\">Arrumadeira<br>O trabalho de uma arrumadeira no lar \u00e9 limpar e arrumar a casa, deixando-a limpa, organizada e agrad\u00e1vel para os moradores. As principais atividades de uma arrumadeira s\u00e3Limpar os pisos, paredes, m\u00f3veis, eletrodom\u00e9sticos e outros objetos da casa.<br>Tirar o p\u00f3 de todos os m\u00f3veis e objetos.- leia mais<\/h3><\/div><p class=\"uagb-ifb-desc\"><a href=\"https:\/\/domesticassp.com.br\/?page_id=1541\" title=\"Leia Mais\">Leia Mais<\/a><\/p><\/div><\/div>\n<\/div>\n<\/div>\n\n\n\n<div class=\"wp-block-columns is-layout-flex wp-container-core-columns-is-layout-28f84493 wp-block-columns-is-layout-flex\">\n<div class=\"wp-block-column is-layout-flow wp-block-column-is-layout-flow\" style=\"flex-basis:33.33%\">\n<div class=\"wp-block-uagb-image uagb-block-509ea5a0 wp-block-uagb-image--layout-default wp-block-uagb-image--effect-static wp-block-uagb-image--align-none\"><figure class=\"wp-block-uagb-image__figure\"><img loading=\"lazy\" decoding=\"async\" srcset=\"https:\/\/domesticassp.com.br\/wp-content\/uploads\/2026\/03\/Acompanhante_2-1024x683.jpg ,https:\/\/domesticassp.com.br\/wp-content\/uploads\/2026\/03\/Acompanhante_2-scaled.jpg 780w, https:\/\/domesticassp.com.br\/wp-content\/uploads\/2026\/03\/Acompanhante_2-scaled.jpg 360w\" sizes=\"auto, (max-width: 480px) 150px\" src=\"https:\/\/domesticassp.com.br\/wp-content\/uploads\/2026\/03\/Acompanhante_2-1024x683.jpg\" alt=\"acompanhante 2\" class=\"uag-image-1220\" width=\"1024\" height=\"683\" title=\"acompanhante 2\" loading=\"lazy\" role=\"img\"\/><\/figure><\/div>\n<\/div>\n\n\n\n<div class=\"wp-block-column is-layout-flow wp-block-column-is-layout-flow\" style=\"flex-basis:66.66%\">\n<div class=\"wp-block-uagb-info-box uagb-block-e03f258a uagb-infobox__content-wrap  uagb-infobox-icon-above-title uagb-infobox-image-valign-top\"><div class=\"uagb-ifb-content\"><div class=\"uagb-ifb-icon-wrap\"><svg xmlns=\"https:\/\/www.w3.org\/2000\/svg\" viewBox=\"0 0 512 512\"><path d=\"M0 256C0 114.6 114.6 0 256 0C397.4 0 512 114.6 512 256C512 397.4 397.4 512 256 512C114.6 512 0 397.4 0 256zM371.8 211.8C382.7 200.9 382.7 183.1 371.8 172.2C360.9 161.3 343.1 161.3 332.2 172.2L224 280.4L179.8 236.2C168.9 225.3 151.1 225.3 140.2 236.2C129.3 247.1 129.3 264.9 140.2 275.8L204.2 339.8C215.1 350.7 232.9 350.7 243.8 339.8L371.8 211.8z\"><\/path><\/svg><\/div><div class=\"uagb-ifb-title-wrap\"><h3 class=\"uagb-ifb-title\">Acompanhante de Idosos<br>Um acompanhante de idosos desempenha um papel essencial para garantir n\u00e3o apenas o bem-estar f\u00edsico, mas tamb\u00e9m o emocional e social da pessoa assistida. Aqui est\u00e1 um descritivo das principais atividades que costumam ser determinantes nessa fun\u00e7\u00e3o:<br><br><a href=\"https:\/\/domesticassp.com.br\/?page_id=1547\" title=\"\">Leia Mais<\/a><\/h3><\/div><p class=\"uagb-ifb-desc\"><a href=\"https:\/\/domesticassp.com.br\/?page_id=1547\" title=\"\">h<\/a><\/p><\/div><\/div>\n<\/div>\n<\/div>\n\n\n\n<div class=\"wp-block-columns is-layout-flex wp-container-core-columns-is-layout-28f84493 wp-block-columns-is-layout-flex\">\n<div class=\"wp-block-column is-layout-flow wp-block-column-is-layout-flow\" style=\"flex-basis:33.33%\">\n<div class=\"wp-block-uagb-image uagb-block-e8b69b2c wp-block-uagb-image--layout-default wp-block-uagb-image--effect-static wp-block-uagb-image--align-none\"><figure class=\"wp-block-uagb-image__figure\"><img loading=\"lazy\" decoding=\"async\" srcset=\"https:\/\/domesticassp.com.br\/wp-content\/uploads\/2025\/11\/Baba1-Copia.jpg ,https:\/\/domesticassp.com.br\/wp-content\/uploads\/2025\/11\/Baba1-Copia.jpg 780w, https:\/\/domesticassp.com.br\/wp-content\/uploads\/2025\/11\/Baba1-Copia.jpg 360w\" sizes=\"auto, (max-width: 480px) 150px\" src=\"https:\/\/domesticassp.com.br\/wp-content\/uploads\/2025\/11\/Baba1-Copia.jpg\" alt=\"Baba1 Copia\" class=\"uag-image-587\" width=\"360\" height=\"241\" title=\"Baba1 - Copia\" loading=\"lazy\" role=\"img\"><\/figure><\/div>\n<\/div>\n\n\n\n<div class=\"wp-block-column is-layout-flow wp-block-column-is-layout-flow\" style=\"flex-basis:66.66%\">\n<div class=\"wp-block-uagb-info-box uagb-block-b737e1c3 uagb-infobox__content-wrap  uagb-infobox-icon-above-title uagb-infobox-image-valign-top\"><div class=\"uagb-ifb-content\"><div class=\"uagb-ifb-icon-wrap\"><svg xmlns=\"https:\/\/www.w3.org\/2000\/svg\" viewBox=\"0 0 512 512\"><path d=\"M0 256C0 114.6 114.6 0 256 0C397.4 0 512 114.6 512 256C512 397.4 397.4 512 256 512C114.6 512 0 397.4 0 256zM371.8 211.8C382.7 200.9 382.7 183.1 371.8 172.2C360.9 161.3 343.1 161.3 332.2 172.2L224 280.4L179.8 236.2C168.9 225.3 151.1 225.3 140.2 236.2C129.3 247.1 129.3 264.9 140.2 275.8L204.2 339.8C215.1 350.7 232.9 350.7 243.8 339.8L371.8 211.8z\"><\/path><\/svg><\/div><div class=\"uagb-ifb-title-wrap\"><h3 class=\"uagb-ifb-title\"><strong>\ud83d\udc76 Descri\u00e7\u00e3o do Trabalho \u2013 Bab\u00e1<\/strong><br><strong>Fun\u00e7\u00f5es principais:<\/strong><br><strong>Cuidado di\u00e1rio das crian\u00e7as: supervisionar, acompanhar rotinas de higiene, alimenta\u00e7\u00e3o e descanso.<\/strong><br><strong>Atividades educativas e recreativas: propor brincadeiras, jogos,  <\/strong><br><\/h3><\/div><p class=\"uagb-ifb-desc\"><a href=\"https:\/\/domesticassp.com.br\/?page_id=1667\" title=\"\">Leia Mais<\/a><\/p><\/div><\/div>\n<\/div>\n<\/div>\n\n\n\n<div class=\"wp-block-columns is-layout-flex wp-container-core-columns-is-layout-28f84493 wp-block-columns-is-layout-flex\">\n<div class=\"wp-block-column is-layout-flow wp-block-column-is-layout-flow\" style=\"flex-basis:33.33%\">\n<div class=\"wp-block-uagb-image uagb-block-c99ca7d9 wp-block-uagb-image--layout-default wp-block-uagb-image--effect-static wp-block-uagb-image--align-none\"><figure class=\"wp-block-uagb-image__figure\"><img loading=\"lazy\" decoding=\"async\" srcset=\"https:\/\/domesticassp.com.br\/wp-content\/uploads\/2026\/03\/Cozinheira_2.jpg ,https:\/\/domesticassp.com.br\/wp-content\/uploads\/2026\/03\/Cozinheira_2.jpg 780w, https:\/\/domesticassp.com.br\/wp-content\/uploads\/2026\/03\/Cozinheira_2.jpg 360w\" sizes=\"auto, (max-width: 480px) 150px\" src=\"https:\/\/domesticassp.com.br\/wp-content\/uploads\/2026\/03\/Cozinheira_2.jpg\" alt=\"cozinheira 2\" class=\"uag-image-1225\" width=\"1024\" height=\"683\" title=\"cozinheira 2\" loading=\"lazy\" role=\"img\"\/><\/figure><\/div>\n<\/div>\n\n\n\n<div class=\"wp-block-column is-layout-flow wp-block-column-is-layout-flow\" style=\"flex-basis:66.66%\">\n<div class=\"wp-block-uagb-info-box uagb-block-ac06de75 uagb-infobox__content-wrap  uagb-infobox-icon-above-title uagb-infobox-image-valign-top\"><div class=\"uagb-ifb-content\"><div class=\"uagb-ifb-icon-wrap\"><svg xmlns=\"https:\/\/www.w3.org\/2000\/svg\" viewBox=\"0 0 512 512\"><path d=\"M0 256C0 114.6 114.6 0 256 0C397.4 0 512 114.6 512 256C512 397.4 397.4 512 256 512C114.6 512 0 397.4 0 256zM371.8 211.8C382.7 200.9 382.7 183.1 371.8 172.2C360.9 161.3 343.1 161.3 332.2 172.2L224 280.4L179.8 236.2C168.9 225.3 151.1 225.3 140.2 236.2C129.3 247.1 129.3 264.9 140.2 275.8L204.2 339.8C215.1 350.7 232.9 350.7 243.8 339.8L371.8 211.8z\"><\/path><\/svg><\/div><div class=\"uagb-ifb-title-wrap\"><h3 class=\"uagb-ifb-title\"><strong>\ud83c\udf73 Descri\u00e7\u00e3o do Trabalho \u2013 Cozinheira Dom\u00e9stica<\/strong><br><strong>Fun\u00e7\u00f5es principais:<\/strong><br><strong>Preparo de refei\u00e7\u00f5es completas: elaborar card\u00e1pios variados de acordo com as prefer\u00eancias da fam\u00edlia, incluindo caf\u00e9 da manh\u00e3, almo\u00e7o, jantar e lanches.<\/strong><br><strong>Culin\u00e1ria caseira e saud\u00e1vel: cozinhar pratos tradicionais, sobremesas <\/strong><br><\/h3><\/div><p class=\"uagb-ifb-desc\"><a href=\"https:\/\/domesticassp.com.br\/?page_id=1669\" title=\"\">Leia Mais<\/a><\/p><\/div><\/div>\n<\/div>\n<\/div>\n\n\n\n<div class=\"wp-block-columns is-layout-flex wp-container-core-columns-is-layout-28f84493 wp-block-columns-is-layout-flex\">\n<div class=\"wp-block-column is-layout-flow wp-block-column-is-layout-flow\" style=\"flex-basis:33.33%\">\n<div class=\"wp-block-uagb-image uagb-block-f5d49ca1 wp-block-uagb-image--layout-default wp-block-uagb-image--effect-static wp-block-uagb-image--align-none\"><figure class=\"wp-block-uagb-image__figure\"><img loading=\"lazy\" decoding=\"async\" srcset=\"https:\/\/domesticassp.com.br\/wp-content\/uploads\/2026\/03\/Faxineira_2-683x1024.jpg ,http:\/\/domesticassp.com.br\/wp-content\/uploads\/2026\/03\/Faxineira_2-scaled.jpg 780w, http:\/\/domesticassp.com.br\/wp-content\/uploads\/2026\/03\/Faxineira_2-scaled.jpg 360w\" sizes=\"auto, (max-width: 480px) 150px\" src=\"https:\/\/domesticassp.com.br\/wp-content\/uploads\/2026\/03\/Faxineira_2-683x1024.jpg\" alt=\"faxineira 2\" class=\"uag-image-1226\" width=\"683\" height=\"1024\" title=\"faxineira 2\" loading=\"lazy\" role=\"img\"\/><\/figure><\/div>\n<\/div>\n\n\n\n<div class=\"wp-block-column is-layout-flow wp-block-column-is-layout-flow\" style=\"flex-basis:66.66%\">\n<div class=\"wp-block-uagb-info-box uagb-block-63211c36 uagb-infobox__content-wrap  uagb-infobox-icon-above-title uagb-infobox-image-valign-top\"><div class=\"uagb-ifb-content\"><div class=\"uagb-ifb-icon-wrap\"><svg xmlns=\"https:\/\/www.w3.org\/2000\/svg\" viewBox=\"0 0 512 512\"><path d=\"M0 256C0 114.6 114.6 0 256 0C397.4 0 512 114.6 512 256C512 397.4 397.4 512 256 512C114.6 512 0 397.4 0 256zM371.8 211.8C382.7 200.9 382.7 183.1 371.8 172.2C360.9 161.3 343.1 161.3 332.2 172.2L224 280.4L179.8 236.2C168.9 225.3 151.1 225.3 140.2 236.2C129.3 247.1 129.3 264.9 140.2 275.8L204.2 339.8C215.1 350.7 232.9 350.7 243.8 339.8L371.8 211.8z\"><\/path><\/svg><\/div><div class=\"uagb-ifb-title-wrap\"><h3 class=\"uagb-ifb-title\"><strong>FAXINEIRA DIARISTA<\/strong><br><br><strong>\ud83e\uddf9 Descri\u00e7\u00e3o do Trabalho \u2013 Faxineira Diarista<\/strong><br><strong>Fun\u00e7\u00f5es principais:<\/strong><br><strong>Limpeza completa dos ambientes:<\/strong> varrer, aspirar, passar pano, lavar pisos, limpar vidros, portas e m\u00f3veis.<br><strong>Higieniza\u00e7\u00e3o de banheiros e cozinha:<\/strong> desinfetar pias, vasos sanit\u00e1rios, bancadas e eletrodom\u00e9sticos.<br><strong>Organiza\u00e7\u00e3o geral:<\/strong> arrumar espa\u00e7os, retirar lixo, trocar roupas de cama e toalhas quando solicitado.<br><strong>Servi\u00e7os ocasionais:<\/strong> lavar \u00e1reas externas, quintal ou garagem, conforme necessidade do contratante.<br><strong>Finaliza\u00e7\u00e3o do servi\u00e7o:<\/strong> deixar a resid\u00eancia limpa, organizada e pronta para uso ao t\u00e9rmino da jornada.<strong> <\/strong>  <br><br>                           <a href=\"https:\/\/domesticassp.com.br\/?page_id=1671\">  Leia Mais <\/a>                                                  <\/h3><\/div><p class=\"uagb-ifb-desc\">                             <br><\/p><\/div><\/div>\n<\/div>\n<\/div>\n","protected":false},"excerpt":{"rendered":"<p>Oferecemos solu\u00e7\u00f5es completas para sua casa, com profissionais experientes e selecionadas com rigor. Seja para limpeza, cuidados com idosos, bab\u00e1 ou servi\u00e7os avulsos, garantimos qualidade e atendimento personalizado.<\/p>\n","protected":false},"author":1,"featured_media":0,"parent":0,"menu_order":0,"comment_status":"closed","ping_status":"closed","template":"","meta":{"_uag_custom_page_level_css":"","site-sidebar-layout":"default","site-content-layout":"","ast-site-content-layout":"default","site-content-style":"default","site-sidebar-style":"default","ast-global-header-display":"","ast-banner-title-visibility":"","ast-main-header-display":"","ast-hfb-above-header-display":"","ast-hfb-below-header-display":"","ast-hfb-mobile-header-display":"","site-post-title":"","ast-breadcrumbs-content":"","ast-featured-img":"","footer-sml-layout":"","ast-disable-related-posts":"","theme-transparent-header-meta":"","adv-header-id-meta":"","stick-header-meta":"","header-above-stick-meta":"","header-main-stick-meta":"","header-below-stick-meta":"","astra-migrate-meta-layouts":"set","ast-page-background-enabled":"default","ast-page-background-meta":{"desktop":{"background-color":"var(--ast-global-color-4)","background-image":"","background-repeat":"repeat","background-position":"center center","background-size":"auto","background-attachment":"scroll","background-type":"","background-media":"","overlay-type":"","overlay-color":"","overlay-opacity":"","overlay-gradient":""},"tablet":{"background-color":"","background-image":"","background-repeat":"repeat","background-position":"center center","background-size":"auto","background-attachment":"scroll","background-type":"","background-media":"","overlay-type":"","overlay-color":"","overlay-opacity":"","overlay-gradient":""},"mobile":{"background-color":"","background-image":"","background-repeat":"repeat","background-position":"center center","background-size":"auto","background-attachment":"scroll","background-type":"","background-media":"","overlay-type":"","overlay-color":"","overlay-opacity":"","overlay-gradient":""}},"ast-content-background-meta":{"desktop":{"background-color":"var(--ast-global-color-5)","background-image":"","background-repeat":"repeat","background-position":"center center","background-size":"auto","background-attachment":"scroll","background-type":"","background-media":"","overlay-type":"","overlay-color":"","overlay-opacity":"","overlay-gradient":""},"tablet":{"background-color":"var(--ast-global-color-5)","background-image":"","background-repeat":"repeat","background-position":"center center","background-size":"auto","background-attachment":"scroll","background-type":"","background-media":"","overlay-type":"","overlay-color":"","overlay-opacity":"","overlay-gradient":""},"mobile":{"background-color":"var(--ast-global-color-5)","background-image":"","background-repeat":"repeat","background-position":"center center","background-size":"auto","background-attachment":"scroll","background-type":"","background-media":"","overlay-type":"","overlay-color":"","overlay-opacity":"","overlay-gradient":""}},"footnotes":""},"class_list":["post-1537","page","type-page","status-publish","hentry"],"aioseo_notices":[],"_hostinger_reach_plugin_has_subscription_block":false,"_hostinger_reach_plugin_is_elementor":false,"uagb_featured_image_src":{"full":false,"thumbnail":false,"medium":false,"medium_large":false,"large":false,"1536x1536":false,"2048x2048":false},"uagb_author_info":{"display_name":"lucianosegura@icloud.com","author_link":"https:\/\/domesticassp.com.br\/?author=1"},"uagb_comment_info":0,"uagb_excerpt":"Oferecemos solu\u00e7\u00f5es completas para sua casa, com profissionais experientes e selecionadas com rigor. Seja para limpeza, cuidados com idosos, bab\u00e1 ou servi\u00e7os avulsos, garantimos qualidade e atendimento personalizado.","_links":{"self":[{"href":"https:\/\/domesticassp.com.br\/index.php?rest_route=\/wp\/v2\/pages\/1537","targetHints":{"allow":["GET"]}}],"collection":[{"href":"https:\/\/domesticassp.com.br\/index.php?rest_route=\/wp\/v2\/pages"}],"about":[{"href":"https:\/\/domesticassp.com.br\/index.php?rest_route=\/wp\/v2\/types\/page"}],"author":[{"embeddable":true,"href":"https:\/\/domesticassp.com.br\/index.php?rest_route=\/wp\/v2\/users\/1"}],"replies":[{"embeddable":true,"href":"https:\/\/domesticassp.com.br\/index.php?rest_route=%2Fwp%2Fv2%2Fcomments&post=1537"}],"version-history":[{"count":18,"href":"https:\/\/domesticassp.com.br\/index.php?rest_route=\/wp\/v2\/pages\/1537\/revisions"}],"predecessor-version":[{"id":1715,"href":"https:\/\/domesticassp.com.br\/index.php?rest_route=\/wp\/v2\/pages\/1537\/revisions\/1715"}],"wp:attachment":[{"href":"https:\/\/domesticassp.com.br\/index.php?rest_route=%2Fwp%2Fv2%2Fmedia&parent=1537"}],"curies":[{"name":"wp","href":"https:\/\/api.w.org\/{rel}","templated":true}]}}