{"id":1671,"date":"2026-04-12T00:26:14","date_gmt":"2026-04-12T00:26:14","guid":{"rendered":"https:\/\/domesticassp.com.br\/?page_id=1671"},"modified":"2026-04-12T14:04:43","modified_gmt":"2026-04-12T14:04:43","slug":"faxineira-diarista-limpeza-completa-e-higienizacao-da-casa","status":"publish","type":"page","link":"https:\/\/domesticassp.com.br\/?page_id=1671","title":{"rendered":"\u00a0Faxineira Diarista \u2013 Limpeza Completa e Higieniza\u00e7\u00e3o da Casa"},"content":{"rendered":"\n<p>Servi\u00e7os de faxina completa com profissional diarista, garantindo ambientes limpos e organizados.<\/p>\n\n\n\n<p><\/p>\n\n\n\n<div class=\"wp-block-columns is-layout-flex wp-container-core-columns-is-layout-28f84493 wp-block-columns-is-layout-flex\">\n<div class=\"wp-block-column is-layout-flow wp-block-column-is-layout-flow\" style=\"flex-basis:33.33%\">\n<div class=\"wp-block-uagb-image uagb-block-0db5676b wp-block-uagb-image--layout-default wp-block-uagb-image--effect-static wp-block-uagb-image--align-none\"><figure class=\"wp-block-uagb-image__figure\"><img loading=\"lazy\" decoding=\"async\" srcset=\"https:\/\/domesticassp.com.br\/wp-content\/uploads\/2026\/03\/Faxineira_2-683x1024.jpg ,https:\/\/domesticassp.com.br\/wp-content\/uploads\/2026\/03\/Faxineira_2-scaled.jpg 780w, https:\/\/domesticassp.com.br\/wp-content\/uploads\/2026\/03\/Faxineira_2-scaled.jpg 360w\" sizes=\"auto, (max-width: 480px) 150px\" src=\"https:\/\/domesticassp.com.br\/wp-content\/uploads\/2026\/03\/Faxineira_2-683x1024.jpg\" alt=\"faxineira 2\" class=\"uag-image-1226\" width=\"683\" height=\"1024\" title=\"faxineira 2\" loading=\"lazy\" role=\"img\"\/><\/figure><\/div>\n<\/div>\n\n\n\n<div class=\"wp-block-column is-layout-flow wp-block-column-is-layout-flow\" style=\"flex-basis:66.66%\">\n<div class=\"wp-block-uagb-info-box uagb-block-06afac1a uagb-infobox__content-wrap  uagb-infobox-icon-above-title uagb-infobox-image-valign-top\"><div class=\"uagb-ifb-content\"><div class=\"uagb-ifb-icon-wrap\"><svg xmlns=\"https:\/\/www.w3.org\/2000\/svg\" viewBox=\"0 0 512 512\"><path d=\"M0 256C0 114.6 114.6 0 256 0C397.4 0 512 114.6 512 256C512 397.4 397.4 512 256 512C114.6 512 0 397.4 0 256zM371.8 211.8C382.7 200.9 382.7 183.1 371.8 172.2C360.9 161.3 343.1 161.3 332.2 172.2L224 280.4L179.8 236.2C168.9 225.3 151.1 225.3 140.2 236.2C129.3 247.1 129.3 264.9 140.2 275.8L204.2 339.8C215.1 350.7 232.9 350.7 243.8 339.8L371.8 211.8z\"><\/path><\/svg><\/div><div class=\"uagb-ifb-title-wrap\"><h3 class=\"uagb-ifb-title\"><strong>\ud83e\uddf9 Descri\u00e7\u00e3o do Trabalho \u2013 Faxineira Diarista<\/strong><br><strong>Fun\u00e7\u00f5es principais:<\/strong><br><strong>Limpeza completa dos ambientes:<\/strong> varrer, aspirar, passar pano, lavar pisos, limpar vidros, portas e m\u00f3veis.<br><strong>Higieniza\u00e7\u00e3o de banheiros e cozinha:<\/strong> desinfetar pias, vasos sanit\u00e1rios, bancadas e eletrodom\u00e9sticos.<br><strong>Organiza\u00e7\u00e3o geral:<\/strong> arrumar espa\u00e7os, retirar lixo, trocar roupas de cama e toalhas quando solicitado.<br><strong>Servi\u00e7os ocasionais:<\/strong> lavar \u00e1reas externas, quintal ou garagem, conforme necessidade do contratante.<br><strong>Finaliza\u00e7\u00e3o do servi\u00e7o:<\/strong> deixar a resid\u00eancia limpa, organizada e pronta para uso ao t\u00e9rmino da jornada.<br><strong>\ud83c\udf1f Aptid\u00f5es necess\u00e1rias<\/strong><br><strong>Agilidade e efici\u00eancia:<\/strong> capacidade de realizar a limpeza completa dentro do tempo contratado.<br><strong>Capricho e aten\u00e7\u00e3o aos detalhes:<\/strong> garantir que cada ambiente fique bem higienizado e organizado.<br><strong>Resist\u00eancia f\u00edsica:<\/strong> disposi\u00e7\u00e3o para lidar com tarefas que exigem esfor\u00e7o, como mover m\u00f3veis leves ou subir escadas.<br><strong>Pontualidade e compromisso:<\/strong> cumprir hor\u00e1rios e acordos estabelecidos com o contratante.<br><strong>Conhecimento de produtos de limpeza:<\/strong> saber utilizar corretamente materiais e produtos, evitando desperd\u00edcios ou danos.<br><strong>Discri\u00e7\u00e3o e respeito:<\/strong> manter postura profissional dentro da casa, respeitando a privacidade da fam\u00edlia.<\/h3><\/div><p class=\"uagb-ifb-desc\"><a href=\"https:\/\/domesticassp.com.br\/?page_id=843\">Faca seu Pedido Agora<\/a><br><br><a href=\"https:\/\/domesticassp.com.br\/?page_id=847\">Cadastre seu Curriculo<\/a><br><br>\u00cdndice Remissivo<a href=\"https:\/\/domesticassp.com.br\/?page_id=1565\"> : empregada dom\u00e9stica<\/a> \u00a0&#8211; <a href=\"https:\/\/domesticassp.com.br\/?page_id=1541\">\u00a0arrumadeira dom\u00e9stica<\/a>\u00a0 &#8211; <a href=\"https:\/\/domesticassp.com.br\/?page_id=1547\">\u00a0cuidadora de idosos<\/a>\u00a0 &#8211; <a href=\"https:\/\/domesticassp.com.br\/?page_id=1667\">\u00a0bab\u00e1<\/a>\u00a0 &#8211; <a href=\"https:\/\/domesticassp.com.br\/?page_id=1669\">\u00a0cozinheira dom\u00e9stica<\/a>\u00a0 &#8211; <a href=\"https:\/\/domesticassp.com.br\/?page_id=1671\">\u00a0faxineira diarista<\/a>\u00a0 &#8211; <a href=\"https:\/\/domesticassp.com.br\/?page_id=1537\">\u00a0retornar a servi\u00e7os<\/a><\/p><\/div><\/div>\n<\/div>\n<\/div>\n\n\n\n<p><\/p>\n","protected":false},"excerpt":{"rendered":"<p>Servi\u00e7os de faxina completa com profissional diarista, garantindo ambientes limpos e organizados.<\/p>\n","protected":false},"author":1,"featured_media":0,"parent":0,"menu_order":0,"comment_status":"closed","ping_status":"closed","template":"","meta":{"_uag_custom_page_level_css":"","site-sidebar-layout":"default","site-content-layout":"","ast-site-content-layout":"default","site-content-style":"default","site-sidebar-style":"default","ast-global-header-display":"","ast-banner-title-visibility":"","ast-main-header-display":"","ast-hfb-above-header-display":"","ast-hfb-below-header-display":"","ast-hfb-mobile-header-display":"","site-post-title":"","ast-breadcrumbs-content":"","ast-featured-img":"","footer-sml-layout":"","ast-disable-related-posts":"","theme-transparent-header-meta":"","adv-header-id-meta":"","stick-header-meta":"","header-above-stick-meta":"","header-main-stick-meta":"","header-below-stick-meta":"","astra-migrate-meta-layouts":"set","ast-page-background-enabled":"default","ast-page-background-meta":{"desktop":{"background-color":"var(--ast-global-color-4)","background-image":"","background-repeat":"repeat","background-position":"center center","background-size":"auto","background-attachment":"scroll","background-type":"","background-media":"","overlay-type":"","overlay-color":"","overlay-opacity":"","overlay-gradient":""},"tablet":{"background-color":"","background-image":"","background-repeat":"repeat","background-position":"center center","background-size":"auto","background-attachment":"scroll","background-type":"","background-media":"","overlay-type":"","overlay-color":"","overlay-opacity":"","overlay-gradient":""},"mobile":{"background-color":"","background-image":"","background-repeat":"repeat","background-position":"center center","background-size":"auto","background-attachment":"scroll","background-type":"","background-media":"","overlay-type":"","overlay-color":"","overlay-opacity":"","overlay-gradient":""}},"ast-content-background-meta":{"desktop":{"background-color":"var(--ast-global-color-5)","background-image":"","background-repeat":"repeat","background-position":"center center","background-size":"auto","background-attachment":"scroll","background-type":"","background-media":"","overlay-type":"","overlay-color":"","overlay-opacity":"","overlay-gradient":""},"tablet":{"background-color":"var(--ast-global-color-5)","background-image":"","background-repeat":"repeat","background-position":"center center","background-size":"auto","background-attachment":"scroll","background-type":"","background-media":"","overlay-type":"","overlay-color":"","overlay-opacity":"","overlay-gradient":""},"mobile":{"background-color":"var(--ast-global-color-5)","background-image":"","background-repeat":"repeat","background-position":"center center","background-size":"auto","background-attachment":"scroll","background-type":"","background-media":"","overlay-type":"","overlay-color":"","overlay-opacity":"","overlay-gradient":""}},"footnotes":""},"class_list":["post-1671","page","type-page","status-publish","hentry"],"aioseo_notices":[],"_hostinger_reach_plugin_has_subscription_block":false,"_hostinger_reach_plugin_is_elementor":false,"uagb_featured_image_src":{"full":false,"thumbnail":false,"medium":false,"medium_large":false,"large":false,"1536x1536":false,"2048x2048":false},"uagb_author_info":{"display_name":"lucianosegura@icloud.com","author_link":"https:\/\/domesticassp.com.br\/?author=1"},"uagb_comment_info":0,"uagb_excerpt":"Servi\u00e7os de faxina completa com profissional diarista, garantindo ambientes limpos e organizados.","_links":{"self":[{"href":"https:\/\/domesticassp.com.br\/index.php?rest_route=\/wp\/v2\/pages\/1671","targetHints":{"allow":["GET"]}}],"collection":[{"href":"https:\/\/domesticassp.com.br\/index.php?rest_route=\/wp\/v2\/pages"}],"about":[{"href":"https:\/\/domesticassp.com.br\/index.php?rest_route=\/wp\/v2\/types\/page"}],"author":[{"embeddable":true,"href":"https:\/\/domesticassp.com.br\/index.php?rest_route=\/wp\/v2\/users\/1"}],"replies":[{"embeddable":true,"href":"https:\/\/domesticassp.com.br\/index.php?rest_route=%2Fwp%2Fv2%2Fcomments&post=1671"}],"version-history":[{"count":3,"href":"https:\/\/domesticassp.com.br\/index.php?rest_route=\/wp\/v2\/pages\/1671\/revisions"}],"predecessor-version":[{"id":1700,"href":"https:\/\/domesticassp.com.br\/index.php?rest_route=\/wp\/v2\/pages\/1671\/revisions\/1700"}],"wp:attachment":[{"href":"https:\/\/domesticassp.com.br\/index.php?rest_route=%2Fwp%2Fv2%2Fmedia&parent=1671"}],"curies":[{"name":"wp","href":"https:\/\/api.w.org\/{rel}","templated":true}]}}