{"id":567,"date":"2025-11-01T15:16:54","date_gmt":"2025-11-01T15:16:54","guid":{"rendered":"http:\/\/domesticassp.com.br\/home\/"},"modified":"2026-04-29T15:14:11","modified_gmt":"2026-04-29T15:14:11","slug":"home","status":"publish","type":"page","link":"https:\/\/domesticassp.com.br\/","title":{"rendered":"Home"},"content":{"rendered":"\t\t<div data-elementor-type=\"wp-page\" data-elementor-id=\"567\" class=\"elementor elementor-567\">\n\t\t\t\t<div class=\"elementor-element elementor-element-f0d53e7 e-con-full e-flex e-con e-parent\" data-id=\"f0d53e7\" data-element_type=\"container\" data-e-type=\"container\">\n\t\t\t\t<\/div>\n\t\t<div class=\"elementor-element elementor-element-6e5380cc e-flex e-con-boxed e-con e-parent\" data-id=\"6e5380cc\" data-element_type=\"container\" data-e-type=\"container\" data-settings=\"{&quot;background_background&quot;:&quot;slideshow&quot;,&quot;background_slideshow_gallery&quot;:[{&quot;id&quot;:1285,&quot;url&quot;:&quot;http:\\\/\\\/domesticassp.com.br\\\/wp-content\\\/uploads\\\/2026\\\/04\\\/Tela_Home1.png&quot;},{&quot;id&quot;:1219,&quot;url&quot;:&quot;http:\\\/\\\/domesticassp.com.br\\\/wp-content\\\/uploads\\\/2026\\\/03\\\/Acompanhante_1-scaled.jpg&quot;},{&quot;id&quot;:1227,&quot;url&quot;:&quot;http:\\\/\\\/domesticassp.com.br\\\/wp-content\\\/uploads\\\/2026\\\/03\\\/Faxineira1-scaled.jpg&quot;},{&quot;id&quot;:1224,&quot;url&quot;:&quot;http:\\\/\\\/domesticassp.com.br\\\/wp-content\\\/uploads\\\/2026\\\/03\\\/Cozineira_1.jpg&quot;},{&quot;id&quot;:1223,&quot;url&quot;:&quot;http:\\\/\\\/domesticassp.com.br\\\/wp-content\\\/uploads\\\/2026\\\/03\\\/Baba_2.jpg&quot;}],&quot;background_slideshow_loop&quot;:&quot;yes&quot;,&quot;background_slideshow_slide_duration&quot;:5000,&quot;background_slideshow_slide_transition&quot;:&quot;fade&quot;,&quot;background_slideshow_transition_duration&quot;:500}\">\n\t\t\t\t\t<div class=\"e-con-inner\">\n\t\t\t\t<div class=\"elementor-element elementor-element-7159639 elementor-widget__width-initial elementor-widget-tablet__width-initial elementor-widget elementor-widget-text-editor\" data-id=\"7159639\" data-element_type=\"widget\" data-e-type=\"widget\" data-widget_type=\"text-editor.default\">\n\t\t\t\t\t\t\t\t\t<p><style><span data-mce-type=\"bookmark\" style=\"display: inline-block; width: 0px; overflow: hidden; line-height: 0;\" class=\"mce_SELRES_start\">\ufeff<\/span><br \/>.cta-section {<br \/>  text-align: left;<br \/>  padding: 250px 10% 100px 10%;<br \/>  background-image: url('http:\/\/domesticassp.com.br\/wp-content\/uploads\/2026\/04\/Tela_Home1.png');<br \/>  background-size: cover;<br \/>  background-position: center;<br \/>  color: #fff;<br \/>  min-height: 800px;<br \/>  display: flex;<br \/>  flex-direction: column;<br \/>  justify-content: flex-start;<br \/>  align-items: flex-start;<br \/>}<br \/>.cta-text {<br \/>  max-width: 600px;<br \/>  margin-bottom: 30px;<br \/>}<br \/>.cta-text h1 {<br \/>  font-size: 3.5rem;<br \/>  line-height: 1.1;<br \/>  margin-bottom: 15px;<br \/>  color: #fff;<br \/>  text-shadow: 3px 3px 6px rgba(0,0,0,0.6);<br \/>}<br \/>.cta-text p {<br \/>  font-size: 1.8rem;<br \/>  margin-bottom: 10px;<br \/>  text-shadow: 2px 2px 4px rgba(0,0,0,0.6);<br \/>}<br \/>.cta-buttons {<br \/>  display: flex;<br \/>  flex-direction: column;<br \/>  gap: 15px;<br \/>}<br \/>.btn {<br \/>  display: inline-block;<br \/>  width: 220px;<br \/>  padding: 12px 20px;<br \/>  text-decoration: none;<br \/>  border-radius: 50px;<br \/>  font-weight: bold;<br \/>  font-size: 1rem;<br \/>  transition: all 0.3s ease;<br \/>  text-align: center;<br \/>  box-shadow: 0 6px 20px rgba(0,0,0,0.3);<br \/>  text-transform: uppercase;<br \/>}<br \/>.btn:hover {<br \/>  transform: translateY(-3px);<br \/>  filter: brightness(1.1);<br \/>}<br \/>.btn span {<br \/>  display: block;<br \/>  font-size: 0.75rem;<br \/>  font-weight: normal;<br \/>  margin-top: 2px;<br \/>  text-transform: none;<br \/>}<br \/>.btn-cliente { background-color: #1e3a8a; color: #ffffff !important; }<br \/>.btn-candidata { background-color: #f97316; color: #ffffff !important; }<\/p>\n<p>@media (max-width: 768px) {<br \/>  .cta-section { text-align: center; align-items: center; padding-top: 150px; }<br \/>  .cta-buttons { align-items: center; }<br \/>}<br \/><\/style><\/p><section class=\"cta-section\"><div class=\"cta-text\"><h3>\u00a0<\/h3><\/div><\/section><h3>\u00a0<\/h3><section class=\"cta-section\"><div class=\"cta-text\"><h3>\u00a0<\/h3><h3>\u00a0<\/h3><h1 style=\"text-align: center;\">\u00a0<\/h1><h1>\u00a0<\/h1><h2><span style=\"color: #ffffff;\"><em>Encontre sua dom\u00e9stica em S\u00e3o Paulo<\/em><\/span><\/h2><h2><span style=\"color: #ffffff;\"><em>com rapidez e seguran\u00e7a<\/em><\/span><\/h2><\/div><h3>\u00a0<\/h3><h3 class=\"cta-buttons\"><a class=\"btn btn-cliente\" href=\"https:\/\/domesticassp.com.br\/?page_id=843\"><span style=\"color: #ffffff;\">Sou Cliente<\/span><br \/><span style=\"color: #ffffff;\">Cadastrar Pedido<\/span><br \/><\/a><br \/><a class=\"btn btn-candidata\" href=\"https:\/\/domesticassp.com.br\/?page_id=847\"><br \/><span style=\"color: #ffffff;\">Sou Candidata<\/span><br \/><span style=\"color: #ffffff;\">Quero me Cadastrar<\/span><br \/><\/a><\/h3><\/section>\t\t\t\t\t\t\t\t<\/div>\n\t\t\t\t\t<\/div>\n\t\t\t\t<\/div>\n\t\t<div class=\"elementor-element elementor-element-ad84aef e-flex e-con-boxed e-con e-parent\" data-id=\"ad84aef\" data-element_type=\"container\" data-e-type=\"container\">\n\t\t\t\t\t<div class=\"e-con-inner\">\n\t\t\t\t\t<\/div>\n\t\t\t\t<\/div>\n\t\t<div class=\"elementor-element elementor-element-a0bca29 e-flex e-con-boxed e-con e-parent\" data-id=\"a0bca29\" data-element_type=\"container\" data-e-type=\"container\">\n\t\t\t\t\t<div class=\"e-con-inner\">\n\t\t\t\t<div class=\"elementor-element elementor-element-8d38c40 elementor-widget elementor-widget-heading\" data-id=\"8d38c40\" data-element_type=\"widget\" data-e-type=\"widget\" data-widget_type=\"heading.default\">\n\t\t\t\t\t<h1 class=\"elementor-heading-title elementor-size-default\">A melhor maneira de contratar  Empregadas dom\u00e9sticas.<\/h1>\t\t\t\t<\/div>\n\t\t\t\t\t<\/div>\n\t\t\t\t<\/div>\n\t\t<div class=\"elementor-element elementor-element-66ffe9b e-flex e-con-boxed e-con e-parent\" data-id=\"66ffe9b\" data-element_type=\"container\" data-e-type=\"container\">\n\t\t\t\t\t<div class=\"e-con-inner\">\n\t\t<div class=\"elementor-element elementor-element-05ba512 e-con-full e-flex e-con e-child\" data-id=\"05ba512\" data-element_type=\"container\" data-e-type=\"container\">\n\t\t\t\t<div class=\"elementor-element elementor-element-189cfc6 elementor-widget elementor-widget-image\" data-id=\"189cfc6\" data-element_type=\"widget\" data-e-type=\"widget\" data-widget_type=\"image.default\">\n\t\t\t\t\t\t\t\t\t\t\t\t\t\t\t<img fetchpriority=\"high\" decoding=\"async\" width=\"436\" height=\"653\" src=\"https:\/\/domesticassp.com.br\/wp-content\/uploads\/2026\/04\/contatar.jpg\" class=\"attachment-large size-large wp-image-1865\" alt=\"contatar\" srcset=\"https:\/\/domesticassp.com.br\/wp-content\/uploads\/2026\/04\/contatar.jpg 436w, https:\/\/domesticassp.com.br\/wp-content\/uploads\/2026\/04\/contatar-200x300.jpg 200w\" sizes=\"(max-width: 436px) 100vw, 436px\" title=\"Home\">\t\t\t\t\t\t\t\t\t\t\t\t\t\t\t<\/div>\n\t\t\t\t<\/div>\n\t\t<div class=\"elementor-element elementor-element-cbdf141 e-con-full e-flex e-con e-child\" data-id=\"cbdf141\" data-element_type=\"container\" data-e-type=\"container\">\n\t\t\t\t<div class=\"elementor-element elementor-element-c3004e4 elementor-widget elementor-widget-text-editor\" data-id=\"c3004e4\" data-element_type=\"widget\" data-e-type=\"widget\" data-widget_type=\"text-editor.default\">\n\t\t\t\t\t\t\t\t\t<h3 style=\"text-align: center;\"><b>Servi\u00e7os Dom\u00e9sticos perto de voc\u00ea<\/b><\/h3><p><span style=\"font-weight: 400;\">A profissional Domestica\u00a0 ideal para voc\u00ea est\u00e1 no <\/span><a href=\"http:\/\/domesticassp.com.br\"><span style=\"font-weight: 400;\">DomesticasSP.com.br<\/span><\/a><span style=\"font-weight: 400;\"> Milhares de profissionais qualificados . N\u00f3s temos a solu\u00e7\u00e3o perfeita para voc\u00ea.<\/span><\/p><h3 style=\"text-align: center;\"><b>Contrate de acordo com suas necessidades.<\/b><\/h3><p><span style=\"font-weight: 400;\">Escolha um profissional dom\u00e9stico\u00a0 que se encaixe na sua necessidade. O <\/span><a href=\"http:\/\/domesticassp.com.br\"><span style=\"font-weight: 400;\">DomesticasSP.com.br<\/span><\/a><span style=\"font-weight: 400;\"> tem as melhores op\u00e7\u00f5es para voc\u00ea, arrumadeiras, acompanhante de idosos, bab\u00e1s, cozinheiras e faxineiras diaristas .<\/span><\/p><h3 style=\"text-align: center;\"><b>Servi\u00e7os personalizados<\/b><\/h3><p><span style=\"font-weight: 400;\">Com mais de 40.000 Profissionais Dom\u00e9sticas colocadas voc\u00ea certamente encontrar\u00e1 uma que atenda \u00e0s suas necessidades. H\u00e1 52 anos, o <\/span><a style=\"font-size: 16px; background-color: #ffffff;\" href=\"http:\/\/domesticassp.com.br\"><span style=\"font-weight: 400;\">DomesticasSP.com.br<\/span><\/a><span style=\"font-weight: 400;\">\u00a0 ajuda pessoas a encontrar o profissional dom\u00e9stico ideal.<\/span><\/p>\t\t\t\t\t\t\t\t<\/div>\n\t\t\t\t<\/div>\n\t\t\t\t\t<\/div>\n\t\t\t\t<\/div>\n\t\t<div class=\"elementor-element elementor-element-8e3485e e-flex e-con-boxed e-con e-parent\" data-id=\"8e3485e\" data-element_type=\"container\" data-e-type=\"container\">\n\t\t\t\t\t<div class=\"e-con-inner\">\n\t\t\t\t<div class=\"elementor-element elementor-element-3f7992a elementor-widget elementor-widget-heading\" data-id=\"3f7992a\" data-element_type=\"widget\" data-e-type=\"widget\" data-widget_type=\"heading.default\">\n\t\t\t\t\t<h1 class=\"elementor-heading-title elementor-size-default\">O que dizem sobre Nosso Trabalho<\/h1>\t\t\t\t<\/div>\n\t\t\t\t\t<\/div>\n\t\t\t\t<\/div>\n\t\t<div class=\"elementor-element elementor-element-ae195a8 e-flex e-con-boxed e-con e-parent\" data-id=\"ae195a8\" data-element_type=\"container\" data-e-type=\"container\">\n\t\t\t\t\t<div class=\"e-con-inner\">\n\t\t<div class=\"elementor-element elementor-element-0a74f30 e-con-full e-flex e-con e-child\" data-id=\"0a74f30\" data-element_type=\"container\" data-e-type=\"container\">\n\t\t\t\t<div class=\"elementor-element elementor-element-8e1f23f elementor-widget elementor-widget-image\" data-id=\"8e1f23f\" data-element_type=\"widget\" data-e-type=\"widget\" data-widget_type=\"image.default\">\n\t\t\t\t\t\t\t\t\t\t\t\t\t\t\t<img decoding=\"async\" width=\"249\" height=\"378\" src=\"https:\/\/domesticassp.com.br\/wp-content\/uploads\/2026\/04\/Fernanda_Dep.jpg\" class=\"attachment-large size-large wp-image-1452\" alt=\"fernanda dep\" srcset=\"https:\/\/domesticassp.com.br\/wp-content\/uploads\/2026\/04\/Fernanda_Dep.jpg 249w, https:\/\/domesticassp.com.br\/wp-content\/uploads\/2026\/04\/Fernanda_Dep-198x300.jpg 198w\" sizes=\"(max-width: 249px) 100vw, 249px\" title=\"Home\">\t\t\t\t\t\t\t\t\t\t\t\t\t\t\t<\/div>\n\t\t\t\t<\/div>\n\t\t<div class=\"elementor-element elementor-element-d45e470 e-con-full e-flex e-con e-child\" data-id=\"d45e470\" data-element_type=\"container\" data-e-type=\"container\">\n\t\t\t\t<div class=\"elementor-element elementor-element-aaf6bec elementor-widget elementor-widget-image\" data-id=\"aaf6bec\" data-element_type=\"widget\" data-e-type=\"widget\" data-widget_type=\"image.default\">\n\t\t\t\t\t\t\t\t\t\t\t\t\t\t\t<img decoding=\"async\" width=\"269\" height=\"383\" src=\"https:\/\/domesticassp.com.br\/wp-content\/uploads\/2026\/04\/Carlos_Dep.jpg\" class=\"attachment-large size-large wp-image-1451\" alt=\"carlos dep\" srcset=\"https:\/\/domesticassp.com.br\/wp-content\/uploads\/2026\/04\/Carlos_Dep.jpg 269w, https:\/\/domesticassp.com.br\/wp-content\/uploads\/2026\/04\/Carlos_Dep-211x300.jpg 211w\" sizes=\"(max-width: 269px) 100vw, 269px\" title=\"Home\">\t\t\t\t\t\t\t\t\t\t\t\t\t\t\t<\/div>\n\t\t\t\t<\/div>\n\t\t<div class=\"elementor-element elementor-element-9efd99e e-con-full e-flex e-con e-child\" data-id=\"9efd99e\" data-element_type=\"container\" data-e-type=\"container\">\n\t\t\t\t<div class=\"elementor-element elementor-element-6ac6480 elementor-widget elementor-widget-image\" data-id=\"6ac6480\" data-element_type=\"widget\" data-e-type=\"widget\" data-widget_type=\"image.default\">\n\t\t\t\t\t\t\t\t\t\t\t\t\t\t\t<img loading=\"lazy\" decoding=\"async\" width=\"275\" height=\"413\" src=\"https:\/\/domesticassp.com.br\/wp-content\/uploads\/2026\/04\/Josefina_Dep.jpg\" class=\"attachment-large size-large wp-image-1453\" alt=\"josefina dep\" srcset=\"https:\/\/domesticassp.com.br\/wp-content\/uploads\/2026\/04\/Josefina_Dep.jpg 275w, https:\/\/domesticassp.com.br\/wp-content\/uploads\/2026\/04\/Josefina_Dep-200x300.jpg 200w\" sizes=\"(max-width: 275px) 100vw, 275px\" title=\"Home\">\t\t\t\t\t\t\t\t\t\t\t\t\t\t\t<\/div>\n\t\t\t\t<\/div>\n\t\t<div class=\"elementor-element elementor-element-36fb1b1 e-con-full e-flex e-con e-child\" data-id=\"36fb1b1\" data-element_type=\"container\" data-e-type=\"container\">\n\t\t\t\t<div class=\"elementor-element elementor-element-a842aa8 elementor-widget elementor-widget-image\" data-id=\"a842aa8\" data-element_type=\"widget\" data-e-type=\"widget\" data-widget_type=\"image.default\">\n\t\t\t\t\t\t\t\t\t\t\t\t\t\t\t<img loading=\"lazy\" decoding=\"async\" width=\"269\" height=\"387\" src=\"https:\/\/domesticassp.com.br\/wp-content\/uploads\/2026\/04\/maria_Dep.jpg\" class=\"attachment-large size-large wp-image-1454\" alt=\"maria dep\" srcset=\"https:\/\/domesticassp.com.br\/wp-content\/uploads\/2026\/04\/maria_Dep.jpg 269w, https:\/\/domesticassp.com.br\/wp-content\/uploads\/2026\/04\/maria_Dep-209x300.jpg 209w\" sizes=\"(max-width: 269px) 100vw, 269px\" title=\"Home\">\t\t\t\t\t\t\t\t\t\t\t\t\t\t\t<\/div>\n\t\t\t\t<\/div>\n\t\t\t\t\t<\/div>\n\t\t\t\t<\/div>\n\t\t<div class=\"elementor-element elementor-element-2db21f5 e-con-full e-flex e-con e-parent\" data-id=\"2db21f5\" data-element_type=\"container\" data-e-type=\"container\">\n\t\t\t\t<div class=\"elementor-element elementor-element-c951824 elementor-arrows-position-inside elementor-pagination-position-outside elementor-widget elementor-widget-image-carousel\" data-id=\"c951824\" data-element_type=\"widget\" data-e-type=\"widget\" data-settings=\"{&quot;navigation&quot;:&quot;both&quot;,&quot;autoplay&quot;:&quot;yes&quot;,&quot;pause_on_hover&quot;:&quot;yes&quot;,&quot;pause_on_interaction&quot;:&quot;yes&quot;,&quot;autoplay_speed&quot;:5000,&quot;infinite&quot;:&quot;yes&quot;,&quot;speed&quot;:500}\" data-widget_type=\"image-carousel.default\">\n\t\t\t\t\t\t\t<div class=\"elementor-image-carousel-wrapper swiper\" role=\"region\" aria-roledescription=\"carousel\" aria-label=\"Depoimentos\" dir=\"ltr\">\n\t\t\t<div class=\"elementor-image-carousel swiper-wrapper\" aria-live=\"off\">\n\t\t\t\t\t\t\t\t<div class=\"swiper-slide\" role=\"group\" aria-roledescription=\"slide\" aria-label=\"1 de 6\"><figure class=\"swiper-slide-inner\"><img decoding=\"async\" class=\"swiper-slide-image\" src=\"https:\/\/domesticassp.com.br\/wp-content\/uploads\/2026\/04\/Tela_Home1-1024x683.png\" alt=\"tela home1\" title=\"Home\"><\/figure><\/div><div class=\"swiper-slide\" role=\"group\" aria-roledescription=\"slide\" aria-label=\"2 de 6\"><figure class=\"swiper-slide-inner\"><img decoding=\"async\" class=\"swiper-slide-image\" src=\"https:\/\/domesticassp.com.br\/wp-content\/uploads\/2026\/03\/Arrumadeira-1024x683.jpg\" alt=\"arrumadeira\" title=\"Home\"><\/figure><\/div><div class=\"swiper-slide\" role=\"group\" aria-roledescription=\"slide\" aria-label=\"3 de 6\"><figure class=\"swiper-slide-inner\"><img decoding=\"async\" class=\"swiper-slide-image\" src=\"https:\/\/domesticassp.com.br\/wp-content\/uploads\/2025\/11\/wepik-export-20230816042015Njb4-1024x681.png\" alt=\"Faxineira Diarista\" title=\"Home\"><\/figure><\/div><div class=\"swiper-slide\" role=\"group\" aria-roledescription=\"slide\" aria-label=\"4 de 6\"><figure class=\"swiper-slide-inner\"><img decoding=\"async\" class=\"swiper-slide-image\" src=\"https:\/\/domesticassp.com.br\/wp-content\/uploads\/2026\/03\/Cozineira_1.jpg\" alt=\"cozineira 1\" title=\"Home\"><\/figure><\/div><div class=\"swiper-slide\" role=\"group\" aria-roledescription=\"slide\" aria-label=\"5 de 6\"><figure class=\"swiper-slide-inner\"><img decoding=\"async\" class=\"swiper-slide-image\" src=\"https:\/\/domesticassp.com.br\/wp-content\/uploads\/2026\/03\/Acompanhante_1-1024x683.jpg\" alt=\"acompanhante 1\" title=\"Home\"><\/figure><\/div><div class=\"swiper-slide\" role=\"group\" aria-roledescription=\"slide\" aria-label=\"6 de 6\"><figure class=\"swiper-slide-inner\"><img decoding=\"async\" class=\"swiper-slide-image\" src=\"https:\/\/domesticassp.com.br\/wp-content\/uploads\/2026\/03\/Baba_2.jpg\" alt=\"baba 2\" title=\"Home\"><\/figure><\/div>\t\t\t<\/div>\n\t\t\t\t\t\t\t\t\t\t\t\t<div class=\"elementor-swiper-button elementor-swiper-button-prev\" role=\"button\" tabindex=\"0\">\n\t\t\t\t\t\t<svg aria-hidden=\"true\" class=\"e-font-icon-svg e-eicon-chevron-left\" viewBox=\"0 0 1000 1000\" xmlns=\"http:\/\/www.w3.org\/2000\/svg\"><path d=\"M646 125C629 125 613 133 604 142L308 442C296 454 292 471 292 487 292 504 296 521 308 533L604 854C617 867 629 875 646 875 663 875 679 871 692 858 704 846 713 829 713 812 713 796 708 779 692 767L438 487 692 225C700 217 708 204 708 187 708 171 704 154 692 142 675 129 663 125 646 125Z\"><\/path><\/svg>\t\t\t\t\t<\/div>\n\t\t\t\t\t<div class=\"elementor-swiper-button elementor-swiper-button-next\" role=\"button\" tabindex=\"0\">\n\t\t\t\t\t\t<svg aria-hidden=\"true\" class=\"e-font-icon-svg e-eicon-chevron-right\" viewBox=\"0 0 1000 1000\" xmlns=\"http:\/\/www.w3.org\/2000\/svg\"><path d=\"M696 533C708 521 713 504 713 487 713 471 708 454 696 446L400 146C388 133 375 125 354 125 338 125 325 129 313 142 300 154 292 171 292 187 292 204 296 221 308 233L563 492 304 771C292 783 288 800 288 817 288 833 296 850 308 863 321 871 338 875 354 875 371 875 388 867 400 854L696 533Z\"><\/path><\/svg>\t\t\t\t\t<\/div>\n\t\t\t\t\n\t\t\t\t\t\t\t\t\t<div class=\"swiper-pagination\"><\/div>\n\t\t\t\t\t\t\t\t\t<\/div>\n\t\t\t\t\t\t<\/div>\n\t\t\t\t<div class=\"elementor-element elementor-element-b3dc4fa elementor-widget-mobile__width-inherit elementor-widget elementor-widget-heading\" data-id=\"b3dc4fa\" data-element_type=\"widget\" data-e-type=\"widget\" data-widget_type=\"heading.default\">\n\t\t\t\t\t<h5 class=\"elementor-heading-title elementor-size-default\">Nossos Profissionais<\/h5>\t\t\t\t<\/div>\n\t\t\t\t<\/div>\n\t\t\t\t<\/div>\n\t\t","protected":false},"excerpt":{"rendered":"<p>\u00a0 \u00a0 \u00a0 \u00a0 \u00a0 \u00a0 Encontre sua dom\u00e9stica em S\u00e3o Paulo com rapidez e seguran\u00e7a \u00a0 Sou ClienteCadastrar PedidoSou CandidataQuero me Cadastrar A melhor maneira de contratar Empregadas dom\u00e9sticas. Servi\u00e7os Dom\u00e9sticos perto de voc\u00ea A profissional Domestica\u00a0 ideal para voc\u00ea est\u00e1 no DomesticasSP.com.br Milhares de profissionais qualificados . N\u00f3s temos a solu\u00e7\u00e3o perfeita para [&hellip;]<\/p>\n","protected":false},"author":1,"featured_media":598,"parent":0,"menu_order":1,"comment_status":"closed","ping_status":"closed","template":"elementor_header_footer","meta":{"_uag_custom_page_level_css":"","site-sidebar-layout":"no-sidebar","site-content-layout":"plain-container","ast-site-content-layout":"normal-width-container","site-content-style":"default","site-sidebar-style":"boxed","ast-global-header-display":"","ast-banner-title-visibility":"","ast-main-header-display":"","ast-hfb-above-header-display":"","ast-hfb-below-header-display":"","ast-hfb-mobile-header-display":"","site-post-title":"","ast-breadcrumbs-content":"disabled","ast-featured-img":"disabled","footer-sml-layout":"","ast-disable-related-posts":"","theme-transparent-header-meta":"enabled","adv-header-id-meta":"","stick-header-meta":"","header-above-stick-meta":"","header-main-stick-meta":"","header-below-stick-meta":"","astra-migrate-meta-layouts":"set","ast-page-background-enabled":"default","ast-page-background-meta":{"desktop":{"background-color":"var(--ast-global-color-4)","background-image":"","background-repeat":"repeat","background-position":"center center","background-size":"auto","background-attachment":"scroll","background-type":"","background-media":"","overlay-type":"","overlay-color":"","overlay-opacity":"","overlay-gradient":""},"tablet":{"background-color":"","background-image":"","background-repeat":"repeat","background-position":"center center","background-size":"auto","background-attachment":"scroll","background-type":"","background-media":"","overlay-type":"","overlay-color":"","overlay-opacity":"","overlay-gradient":""},"mobile":{"background-color":"","background-image":"","background-repeat":"repeat","background-position":"center center","background-size":"auto","background-attachment":"scroll","background-type":"","background-media":"","overlay-type":"","overlay-color":"","overlay-opacity":"","overlay-gradient":""}},"ast-content-background-meta":{"desktop":{"background-color":"var(--ast-global-color-5)","background-image":"","background-repeat":"repeat","background-position":"center center","background-size":"auto","background-attachment":"scroll","background-type":"","background-media":"","overlay-type":"","overlay-color":"","overlay-opacity":"","overlay-gradient":""},"tablet":{"background-color":"var(--ast-global-color-5)","background-image":"","background-repeat":"repeat","background-position":"center center","background-size":"auto","background-attachment":"scroll","background-type":"","background-media":"","overlay-type":"","overlay-color":"","overlay-opacity":"","overlay-gradient":""},"mobile":{"background-color":"var(--ast-global-color-5)","background-image":"","background-repeat":"repeat","background-position":"center center","background-size":"auto","background-attachment":"scroll","background-type":"","background-media":"","overlay-type":"","overlay-color":"","overlay-opacity":"","overlay-gradient":""}},"footnotes":""},"class_list":["post-567","page","type-page","status-publish","has-post-thumbnail","hentry"],"aioseo_notices":[],"_hostinger_reach_plugin_has_subscription_block":false,"_hostinger_reach_plugin_is_elementor":false,"uagb_featured_image_src":{"full":["https:\/\/domesticassp.com.br\/wp-content\/uploads\/2025\/11\/FH1.png",477,448,false],"thumbnail":["https:\/\/domesticassp.com.br\/wp-content\/uploads\/2025\/11\/FH1-150x150.png",150,150,true],"medium":["https:\/\/domesticassp.com.br\/wp-content\/uploads\/2025\/11\/FH1-300x282.png",300,282,true],"medium_large":["https:\/\/domesticassp.com.br\/wp-content\/uploads\/2025\/11\/FH1.png",477,448,false],"large":["https:\/\/domesticassp.com.br\/wp-content\/uploads\/2025\/11\/FH1.png",477,448,false],"1536x1536":["https:\/\/domesticassp.com.br\/wp-content\/uploads\/2025\/11\/FH1.png",477,448,false],"2048x2048":["https:\/\/domesticassp.com.br\/wp-content\/uploads\/2025\/11\/FH1.png",477,448,false]},"uagb_author_info":{"display_name":"lucianosegura@icloud.com","author_link":"https:\/\/domesticassp.com.br\/?author=1"},"uagb_comment_info":0,"uagb_excerpt":"\u00a0 \u00a0 \u00a0 \u00a0 \u00a0 \u00a0 Encontre sua dom\u00e9stica em S\u00e3o Paulo com rapidez e seguran\u00e7a \u00a0 Sou ClienteCadastrar PedidoSou CandidataQuero me Cadastrar A melhor maneira de contratar Empregadas dom\u00e9sticas. Servi\u00e7os Dom\u00e9sticos perto de voc\u00ea A profissional Domestica\u00a0 ideal para voc\u00ea est\u00e1 no DomesticasSP.com.br Milhares de profissionais qualificados . N\u00f3s temos a solu\u00e7\u00e3o perfeita para&hellip;","_links":{"self":[{"href":"https:\/\/domesticassp.com.br\/index.php?rest_route=\/wp\/v2\/pages\/567","targetHints":{"allow":["GET"]}}],"collection":[{"href":"https:\/\/domesticassp.com.br\/index.php?rest_route=\/wp\/v2\/pages"}],"about":[{"href":"https:\/\/domesticassp.com.br\/index.php?rest_route=\/wp\/v2\/types\/page"}],"author":[{"embeddable":true,"href":"https:\/\/domesticassp.com.br\/index.php?rest_route=\/wp\/v2\/users\/1"}],"replies":[{"embeddable":true,"href":"https:\/\/domesticassp.com.br\/index.php?rest_route=%2Fwp%2Fv2%2Fcomments&post=567"}],"version-history":[{"count":366,"href":"https:\/\/domesticassp.com.br\/index.php?rest_route=\/wp\/v2\/pages\/567\/revisions"}],"predecessor-version":[{"id":1910,"href":"https:\/\/domesticassp.com.br\/index.php?rest_route=\/wp\/v2\/pages\/567\/revisions\/1910"}],"wp:featuredmedia":[{"embeddable":true,"href":"https:\/\/domesticassp.com.br\/index.php?rest_route=\/wp\/v2\/media\/598"}],"wp:attachment":[{"href":"https:\/\/domesticassp.com.br\/index.php?rest_route=%2Fwp%2Fv2%2Fmedia&parent=567"}],"curies":[{"name":"wp","href":"https:\/\/api.w.org\/{rel}","templated":true}]}}